{"id":1885,"date":"2022-10-03T19:42:26","date_gmt":"2022-10-03T17:42:26","guid":{"rendered":"https:\/\/alpinorthodontics.swisstechnologies.ch\/?page_id=1885"},"modified":"2025-11-22T10:26:32","modified_gmt":"2025-11-22T09:26:32","slug":"baender-2","status":"publish","type":"page","link":"https:\/\/alpinorthodontics.ch\/fr\/baender-2\/","title":{"rendered":"Bagues"},"content":{"rendered":"<div class=\"brz brz-root__container brz-reset-all brz-root__container-page\" >\n<section id=\"wttktoficnjdngynsywuzwodvjswbtudcsay_wttktoficnjdngynsywuzwodvjswbtudcsay\" class=\"brz-section brz-css-d-section brz-css-jtsye2\">\n<div class=\"brz-section__content brz-section--boxed brz-css-d-sectionitem-bg brz-css-1ilib83\" data-brz-custom-id=\"zyainndtndrajiayehibpeplazvguzkpbevi\">\n<div class=\"brz-container brz-css-d-sectionitem-container brz-css-h9qhva\">\n<div id=\"\" class=\"brz-css-d-wrapper brz-css-1xvvfzh brz-wrapper\">\n<div class=\"brz-rich-text brz-rich-text__custom brz-css-d-richtext brz-css-1vu9gib\" data-brz-custom-id=\"hcoxocuhrqyahxbbvwsuyrjfnsftrrvftxfk\">\n<div data-brz-translate-text=\"1\">\n<h1 class=\"brz-tp-lg-heading1 brz-css-sIu6_\" data-generated-css=\"brz-css-jlwxr\" data-uniq-id=\"fuzib\"><span class=\"brz-cp-color1\">Bagues<\/span><\/h1>\n<\/div>\n<\/div>\n<\/div>\n<div id=\"\" class=\"brz-css-d-wrapper brz-css-i17ts7 brz-wrapper\">\n<div class=\"brz-rich-text brz-rich-text__custom brz-css-d-richtext brz-css-s2s5c7\" data-brz-custom-id=\"jmwbhqwykikmhpqyaliwidjlfxpyeknayraf\">\n<div data-brz-translate-text=\"1\">\n<p class=\"brz-tp-lg-paragraph brz-css-cTpLb\" data-generated-css=\"brz-css-wQj4r\" data-uniq-id=\"mR5Do\"><a class=\"brz-cp-color2 link--external\" href=\"https:\/\/alpinorthodontics.ch\/fr\/produkte\/\" data-brz-link-type=\"external\">Produits<\/a><span class=\"brz-cp-color2 brz-span\" style=\"\"> \/ <\/span><span class=\"brz-cp-color1 brz-span\" style=\"\"><span class=\"text-population\">Bagues<\/span> <\/span><\/p>\n<\/div>\n<\/div>\n<\/div>\n<div class=\"brz-wrapper-clone brz-flex-xs-wrap brz-css-d-cloneable brz-css-984vmn\" data-brz-custom-id=\"lmttqlvptybzxakuwbuxxdumzwoqrukozzwf\"><a class=\"brz-a brz-btn brz-css-d-button brz-css-3uy9vd brz-css-d-button-bg brz-css-j21g1s\" target=\"_blank\" rel=\"noopener noreferrer\" href=\"https:\/\/alpinorthodontics.ch\/fr\/bestellformular\/\" data-brz-link-type=\"external\" data-brz-custom-id=\"tlghjgeohetwtusrspgrubxqoeykndhgvmxz\"><svg class=\"brz-icon-svg align-[initial] brz-css-d-button-icon brz-css-1o5yhg5\"><use href=\"\/wp-content\/plugins\/brizy\/public\/editor-build\/prod\/editor\/icons\/outline\/box-3d-50.svg#nc_icon\"><\/use><\/svg><span data-brz-translate-text=\"1\" class=\"brz-span brz-text__editor\">Formulaire de commande<\/span><\/a><\/div>\n<div class=\"brz-row__container brz-css-d-row-row brz-css-2fivup\" data-brz-custom-id=\"xsexfcyhtcnvwvcpgtraljqezxncjuoglvst\">\n<div class=\"brz-row brz-css-d-row-container brz-css-1rw2yys\">\n<div class=\"brz-columns brz-css-d-column-column brz-css-6d7zop\" data-brz-custom-id=\"tzajnpueqwykdzfngfbvzqicdvrxwlycwdcq\">\n<div class=\"brz-column__items brz-css-d-column-bg brz-css-10tc9r0\">\n<div id=\"\" class=\"brz-css-d-wrapper brz-css-124p4nz brz-wrapper\">\n<div class=\"brz-image brz-css-d-image-tjjynvyyzqobrrjakxizydvmquopfzrfszaf-parent brz-css-1vn0h17\" data-brz-custom-id=\"tjjynvyyzqobrrjakxizydvmquopfzrfszaf\"><a class=\"brz-a\" target=\"_blank\" rel=\"noopener noreferrer\" href=\"\/wp-content\/uploads\/2023\/12\/Catalog-7-FR.pdf#page=148\" data-brz-link-type=\"external\"><picture class=\"brz-picture brz-d-block brz-p-relative brz-css-d-image-tjjynvyyzqobrrjakxizydvmquopfzrfszaf-picture brz-css-1grvlrv\"><source srcset=\"https:\/\/alpinorthodontics.ch\/wp-content\/uploads\/brizy\/imgs\/SureSnapMolaren-258x229x0x32x258x193x1696619726.png 1x, https:\/\/alpinorthodontics.ch\/?brizy_media=wp-1187a1af966f8e80fe2501f543fa0d9e.png&amp;brizy_crop=iW%3D516%26iH%3D458%26oX%3D0%26oY%3D64%26cW%3D516%26cH%3D386 2x\" media=\"(min-width: 992px)\"><source srcset=\"https:\/\/alpinorthodontics.ch\/?brizy_media=wp-1187a1af966f8e80fe2501f543fa0d9e.png&amp;brizy_crop=iW%3D162%26iH%3D144%26oX%3D0%26oY%3D20%26cW%3D162%26cH%3D122 1x, https:\/\/alpinorthodontics.ch\/?brizy_media=wp-1187a1af966f8e80fe2501f543fa0d9e.png&amp;brizy_crop=iW%3D324%26iH%3D288%26oX%3D0%26oY%3D40%26cW%3D324%26cH%3D244 2x\" media=\"(min-width: 768px)\"><img decoding=\"async\" class=\"brz-img\" srcset=\"https:\/\/alpinorthodontics.ch\/?brizy_media=wp-1187a1af966f8e80fe2501f543fa0d9e.png&amp;brizy_crop=iW%3D430%26iH%3D383%26oX%3D0%26oY%3D53%26cW%3D430%26cH%3D323 1x, https:\/\/alpinorthodontics.ch\/?brizy_media=wp-1187a1af966f8e80fe2501f543fa0d9e.png&amp;brizy_crop=iW%3D860%26iH%3D766%26oX%3D0%26oY%3D106%26cW%3D860%26cH%3D646 2x\" src=\"https:\/\/alpinorthodontics.ch\/wp-content\/uploads\/brizy\/imgs\/SureSnapMolaren-258x229x0x32x258x193x1696619726.png\" loading=\"lazy\" alt=\"{{brizy_dc_image_alt imageSrc=\"wp-1187a1af966f8e80fe2501f543fa0d9e.png\"}}\" title=\"\" draggable=\"false\"><\/picture><\/a><\/div>\n<\/div>\n<div class=\"brz-wrapper-clone brz-flex-xs-wrap brz-css-d-cloneable brz-css-1bd6d8t\" data-brz-custom-id=\"mqvxljekkyzecovnpopljsymddxpoazrnwct\"><a class=\"brz-a brz-btn brz-css-d-button brz-css-l5rfiq brz-css-d-button-bg brz-css-14ypip0\" target=\"_blank\" rel=\"noopener noreferrer\" href=\"\/wp-content\/uploads\/2023\/12\/Catalog-7-FR.pdf#page=148\" data-brz-link-type=\"external\" data-brz-custom-id=\"ajkbaaennrrjiyjfkpusijlwgltvawnpwmpi\"><span data-brz-translate-text=\"1\" class=\"brz-span brz-text__editor\">Bagues molaires\nSure-Snap<\/span><\/a><\/div>\n<\/div>\n<\/div>\n<div class=\"brz-columns brz-css-d-column-column brz-css-b1dcse\" data-brz-custom-id=\"wjhfyfqisfrlfyukmoyeleyrdwynojjcfjlh\">\n<div class=\"brz-column__items brz-css-d-column-bg brz-css-12uaoq1\">\n<div id=\"\" class=\"brz-css-d-wrapper brz-css-g527qm brz-wrapper\">\n<div class=\"brz-image brz-css-d-image-lbrreoyvxagdghphjfitqtqjxzxcfwklwxbs-parent brz-css-r7pihm\" data-brz-custom-id=\"lbrreoyvxagdghphjfitqtqjxzxcfwklwxbs\"><a class=\"brz-a\" target=\"_blank\" rel=\"noopener noreferrer\" href=\"\/wp-content\/uploads\/2023\/12\/Catalog-7-FR.pdf#page=149\" data-brz-link-type=\"external\"><picture class=\"brz-picture brz-d-block brz-p-relative brz-css-d-image-lbrreoyvxagdghphjfitqtqjxzxcfwklwxbs-picture brz-css-ml7uas\"><source srcset=\"https:\/\/alpinorthodontics.ch\/wp-content\/uploads\/brizy\/imgs\/AFitMolaren-258x245x0x48x258x193x1696619760.png 1x, https:\/\/alpinorthodontics.ch\/?brizy_media=wp-d7b7f22a073149d418fcc32a93ce262f.png&amp;brizy_crop=iW%3D516%26iH%3D490%26oX%3D0%26oY%3D96%26cW%3D516%26cH%3D386 2x\" media=\"(min-width: 992px)\"><source srcset=\"https:\/\/alpinorthodontics.ch\/?brizy_media=wp-d7b7f22a073149d418fcc32a93ce262f.png&amp;brizy_crop=iW%3D162%26iH%3D154%26oX%3D0%26oY%3D30%26cW%3D162%26cH%3D122 1x, https:\/\/alpinorthodontics.ch\/?brizy_media=wp-d7b7f22a073149d418fcc32a93ce262f.png&amp;brizy_crop=iW%3D324%26iH%3D308%26oX%3D0%26oY%3D60%26cW%3D324%26cH%3D244 2x\" media=\"(min-width: 768px)\"><img decoding=\"async\" class=\"brz-img\" srcset=\"https:\/\/alpinorthodontics.ch\/?brizy_media=wp-d7b7f22a073149d418fcc32a93ce262f.png&amp;brizy_crop=iW%3D430%26iH%3D409%26oX%3D0%26oY%3D80%26cW%3D430%26cH%3D323 1x, https:\/\/alpinorthodontics.ch\/?brizy_media=wp-d7b7f22a073149d418fcc32a93ce262f.png&amp;brizy_crop=iW%3D860%26iH%3D818%26oX%3D0%26oY%3D160%26cW%3D860%26cH%3D646 2x\" src=\"https:\/\/alpinorthodontics.ch\/wp-content\/uploads\/brizy\/imgs\/AFitMolaren-258x245x0x48x258x193x1696619760.png\" loading=\"lazy\" alt=\"{{brizy_dc_image_alt imageSrc=\"wp-d7b7f22a073149d418fcc32a93ce262f.png\"}}\" title=\"\" draggable=\"false\"><\/picture><\/a><\/div>\n<\/div>\n<div class=\"brz-wrapper-clone brz-flex-xs-wrap brz-css-d-cloneable brz-css-1gl523e\" data-brz-custom-id=\"qgcpmvzhrsbzbdplthtdxvnvswvagzxtluol\"><a class=\"brz-a brz-btn brz-css-d-button brz-css-1advhkk brz-css-d-button-bg brz-css-1dy0nl5\" target=\"_blank\" rel=\"noopener noreferrer\" href=\"\/wp-content\/uploads\/2023\/12\/Catalog-7-FR.pdf#page=149\" data-brz-link-type=\"external\" data-brz-custom-id=\"jlohyidkveeaabjhvvvmaalvephoqnzibxoq\"><span data-brz-translate-text=\"1\" class=\"brz-span brz-text__editor\">Bagues molaires A-Fit Band<\/span><\/a><\/div>\n<\/div>\n<\/div>\n<div class=\"brz-columns brz-css-d-column-column brz-css-1tvqk6h\" data-brz-custom-id=\"nkhrdlwdvvjnkmqehsgfygxufjotlewgsdcz\">\n<div class=\"brz-column__items brz-css-d-column-bg brz-css-2tn46z\">\n<div id=\"\" class=\"brz-css-d-wrapper brz-css-tgoa9l brz-wrapper\">\n<div class=\"brz-image brz-css-d-image-gpzrhccbipgktcerdzwttclsytdgijrzojcd-parent brz-css-4eio5o\" data-brz-custom-id=\"gpzrhccbipgktcerdzwttclsytdgijrzojcd\"><a class=\"brz-a\" target=\"_blank\" rel=\"noopener noreferrer\" href=\"\/wp-content\/uploads\/2023\/12\/Catalog-7-FR.pdf#page=150\" data-brz-link-type=\"external\"><picture class=\"brz-picture brz-d-block brz-p-relative brz-css-d-image-gpzrhccbipgktcerdzwttclsytdgijrzojcd-picture brz-css-bwxmiw\"><source srcset=\"https:\/\/alpinorthodontics.ch\/wp-content\/uploads\/brizy\/imgs\/SureSnapPraemolaren-258x238x0x34x258x193x1696619814.png 1x, https:\/\/alpinorthodontics.ch\/?brizy_media=wp-354ab53757d1342e487b39161db9cfd8.png&amp;brizy_crop=iW%3D516%26iH%3D476%26oX%3D0%26oY%3D68%26cW%3D516%26cH%3D386 2x\" media=\"(min-width: 992px)\"><source srcset=\"https:\/\/alpinorthodontics.ch\/?brizy_media=wp-354ab53757d1342e487b39161db9cfd8.png&amp;brizy_crop=iW%3D162%26iH%3D150%26oX%3D0%26oY%3D22%26cW%3D162%26cH%3D122 1x, https:\/\/alpinorthodontics.ch\/?brizy_media=wp-354ab53757d1342e487b39161db9cfd8.png&amp;brizy_crop=iW%3D324%26iH%3D300%26oX%3D0%26oY%3D44%26cW%3D324%26cH%3D244 2x\" media=\"(min-width: 768px)\"><img decoding=\"async\" class=\"brz-img\" srcset=\"https:\/\/alpinorthodontics.ch\/?brizy_media=wp-354ab53757d1342e487b39161db9cfd8.png&amp;brizy_crop=iW%3D430%26iH%3D398%26oX%3D0%26oY%3D57%26cW%3D430%26cH%3D323 1x, https:\/\/alpinorthodontics.ch\/?brizy_media=wp-354ab53757d1342e487b39161db9cfd8.png&amp;brizy_crop=iW%3D860%26iH%3D796%26oX%3D0%26oY%3D114%26cW%3D860%26cH%3D646 2x\" src=\"https:\/\/alpinorthodontics.ch\/wp-content\/uploads\/brizy\/imgs\/SureSnapPraemolaren-258x238x0x34x258x193x1696619814.png\" loading=\"lazy\" alt=\"{{brizy_dc_image_alt imageSrc=\"wp-354ab53757d1342e487b39161db9cfd8.png\"}}\" title=\"\" draggable=\"false\"><\/picture><\/a><\/div>\n<\/div>\n<div class=\"brz-wrapper-clone brz-flex-xs-wrap brz-css-d-cloneable brz-css-185eh2l\" data-brz-custom-id=\"ouqwuctjzmjycxghmcowjialmubtjlrpttrw\"><a class=\"brz-a brz-btn brz-css-d-button brz-css-lviszt brz-css-d-button-bg brz-css-awu90e\" target=\"_blank\" rel=\"noopener noreferrer\" href=\"\/wp-content\/uploads\/2023\/12\/Catalog-7-FR.pdf#page=150\" data-brz-link-type=\"external\" data-brz-custom-id=\"jgtxfxnxilbgahdnahoxmgkkkyubhqsxemxp\"><span data-brz-translate-text=\"1\" class=\"brz-span brz-text__editor\">Bagues pr\u00e9molaires Sure-Snap Band<\/span><\/a><\/div>\n<\/div>\n<\/div>\n<div class=\"brz-columns brz-css-d-column-column brz-css-czpybo\" data-brz-custom-id=\"dbvxghwngiffpytoqibanocgloloegktwddc\">\n<div class=\"brz-column__items brz-css-d-column-bg brz-css-1q7nygi\"><\/div>\n<\/div>\n<\/div>\n<\/div>\n<\/div>\n<\/div>\n<\/section><\/div>\n<p><!-- version:1763803592 --><\/p>","protected":false},"excerpt":{"rendered":"<p>B\u00e4nder Produkte \/ B\u00e4nder Bestellformular Sure-Snap Molarenb\u00e4nder A-Fit Molarenb\u00e4nder Sure-Snap Pr\u00e4molarenb\u00e4nder<\/p>","protected":false},"author":6,"featured_media":0,"parent":0,"menu_order":0,"comment_status":"closed","ping_status":"closed","template":"brizy-blank-template.php","meta":{"_acf_changed":false,"footnotes":""},"class_list":["post-1885","page","type-page","status-publish","hentry"],"acf":[],"publishpress_future_action":{"enabled":false,"date":"2026-05-08 00:56:56","action":"change-status","newStatus":"draft","terms":[],"taxonomy":"","extraData":[]},"publishpress_future_workflow_manual_trigger":{"enabledWorkflows":[]},"brizy_media":[{"id":90,"url":"https:\/\/alpinorthodontics.ch\/wp-content\/uploads\/2022\/07\/cropped-cropped-cropped-logo-alpin-ort-cmyk-transparent_3-1.png","name":"cropped-cropped-cropped-logo-alpin-ort-cmyk-transparent_3-1.png","meta":{"brizy_attachment_uid":"wp-08de734051147277a2120ffc2850c755.png","brizy_post_uid":["c06e8660362fd2967281ec528ff4d3f0"]}},{"id":2452,"url":"https:\/\/alpinorthodontics.ch\/wp-content\/uploads\/2022\/10\/p27.jpg","name":"p27.jpg","meta":{"brizy_attachment_uid":"wp-a25f0b07f228a54184202c4ce5ee5c04.jpg","brizy_post_uid":["b0467baafc508ad83b8d3d176fbcecba","c06e8660362fd2967281ec528ff4d3f0"]}},{"id":2453,"url":"https:\/\/alpinorthodontics.ch\/wp-content\/uploads\/2022\/10\/produkt_band1.jpg","name":"produkt_band1.jpg","meta":{"brizy_attachment_uid":"wp-5cc7fdcb0b548e8656b24483966de6fb.jpg","brizy_post_uid":["b0467baafc508ad83b8d3d176fbcecba","c06e8660362fd2967281ec528ff4d3f0"]}},{"id":2454,"url":"https:\/\/alpinorthodontics.ch\/wp-content\/uploads\/2022\/10\/produkt_band2.jpg","name":"produkt_band2.jpg","meta":{"brizy_attachment_uid":"wp-b89f5f5787bad8a59600821f8d0ed06b.jpg","brizy_post_uid":["b0467baafc508ad83b8d3d176fbcecba","c06e8660362fd2967281ec528ff4d3f0"]}},{"id":2455,"url":"https:\/\/alpinorthodontics.ch\/wp-content\/uploads\/2022\/10\/produkt_band3.jpg","name":"produkt_band3.jpg","meta":{"brizy_attachment_uid":"wp-0ae15a9c2d5bd7abfc25a908f86e0b32.jpg","brizy_post_uid":["b0467baafc508ad83b8d3d176fbcecba","c06e8660362fd2967281ec528ff4d3f0"]}},{"id":10455,"url":"https:\/\/alpinorthodontics.ch\/wp-content\/uploads\/2023\/10\/SureSnapMolaren.png","name":"SureSnapMolaren.png","meta":{"brizy_attachment_uid":"wp-1187a1af966f8e80fe2501f543fa0d9e.png","brizy_post_uid":["c06e8660362fd2967281ec528ff4d3f0"]}},{"id":10456,"url":"https:\/\/alpinorthodontics.ch\/wp-content\/uploads\/2023\/10\/AFitMolaren.png","name":"AFitMolaren.png","meta":{"brizy_attachment_uid":"wp-d7b7f22a073149d418fcc32a93ce262f.png","brizy_post_uid":["c06e8660362fd2967281ec528ff4d3f0"]}},{"id":10458,"url":"https:\/\/alpinorthodontics.ch\/wp-content\/uploads\/2023\/10\/SureSnapPraemolaren.png","name":"SureSnapPraemolaren.png","meta":{"brizy_attachment_uid":"wp-354ab53757d1342e487b39161db9cfd8.png","brizy_post_uid":["c06e8660362fd2967281ec528ff4d3f0"]}}],"_links":{"self":[{"href":"https:\/\/alpinorthodontics.ch\/fr\/wp-json\/wp\/v2\/pages\/1885","targetHints":{"allow":["GET"]}}],"collection":[{"href":"https:\/\/alpinorthodontics.ch\/fr\/wp-json\/wp\/v2\/pages"}],"about":[{"href":"https:\/\/alpinorthodontics.ch\/fr\/wp-json\/wp\/v2\/types\/page"}],"author":[{"embeddable":true,"href":"https:\/\/alpinorthodontics.ch\/fr\/wp-json\/wp\/v2\/users\/6"}],"replies":[{"embeddable":true,"href":"https:\/\/alpinorthodontics.ch\/fr\/wp-json\/wp\/v2\/comments?post=1885"}],"version-history":[{"count":14,"href":"https:\/\/alpinorthodontics.ch\/fr\/wp-json\/wp\/v2\/pages\/1885\/revisions"}],"predecessor-version":[{"id":15020,"href":"https:\/\/alpinorthodontics.ch\/fr\/wp-json\/wp\/v2\/pages\/1885\/revisions\/15020"}],"wp:attachment":[{"href":"https:\/\/alpinorthodontics.ch\/fr\/wp-json\/wp\/v2\/media?parent=1885"}],"curies":[{"name":"wp","href":"https:\/\/api.w.org\/{rel}","templated":true}]}}